{"id":295,"date":"2025-04-04T15:49:41","date_gmt":"2025-04-04T13:49:41","guid":{"rendered":"https:\/\/mosel-boat.de\/?page_id=295"},"modified":"2025-04-04T16:47:31","modified_gmt":"2025-04-04T14:47:31","slug":"agb","status":"publish","type":"page","link":"https:\/\/mosel-boat.de\/en\/agb\/","title":{"rendered":"GTC"},"content":{"rendered":"<p><\/p>\n\n\n\n<ol class=\"wp-block-list\">\n<li>Verleih der Boote<br>1.1. Die Vermietung unserer Boote erfolgt nur an Personen, die das 18. Lebensjahr vollendet<br>haben sowie gegen Angabe der Personalien (Name und Anschrift). Bei Aufforderung muss<br>der Personalausweis oder ein anderes g\u00fcltiges Dokument mit Passbild vorgezeigt werden.<br>1.2. Um einen reibungslosen Ablauf zu gew\u00e4hren sind die Boote bis sp\u00e4testens 15 Minuten<br>vor Mietende am Anlegesteg zur\u00fcckzugeben. Eine vorzeitige R\u00fcckgabe berechtigt nicht zur<br>R\u00fcckforderung des Mietpreises.<br>1.3. \u00dcbergibt der Mieter den Mietgegenstand nicht zum vereinbarten Mietende an den<br>Vermieter so wird ein voller Stundentarif f\u00e4llig.<br>1.4. Der Mieter verpflichtet sich die Boote in einem ordnungsgem\u00e4\u00dfen Zustand<br>zur\u00fcckzugeben. Die R\u00fcckgabe der Mietsache hat frei von jeglichen Abf\u00e4llen in den daf\u00fcr<br>vorgesehene Beh\u00e4lter zu erfolgen. Bei \u00fcberm\u00e4\u00dfiger Verschmutzung hat der Mieter die Kosten<br>f\u00fcr eine Reinigung, die<br>pauschal 50,00 EUR betr\u00e4gt, zu tragen.<br>1.5. F\u00fcr liegen gelassene, verloren gegangene oder vergessene Sachen des Mieters und seiner<br>Begleitung\/en werden keine Haftung \u00fcbernommen.<br>1.6. Baden vom Boot aus ist strengstens verboten! Es wird von Seiten des Vermieters keine<br>Haftung f\u00fcr Personen- oder Sachsch\u00e4den, die durch die Zuwiderhandlung entstehen,<br>\u00fcbernommen.<br>1.7. Angeln vom Boot aus ist strengstens untersagt, selbst wenn der Mieter die daf\u00fcr<br>erforderlichen Rechte besitzt.<br>1.8. Moselbuchten d\u00fcrfen aus Naturschutzgr\u00fcnden nicht befahren werden.<\/li>\n\n\n\n<li>Nebenpflichten, Verhalten, Aufsichtspflicht<br>2.1. Es sind unbedingt die Grenzen der erlaubten Zuladung (1.000 kg oder acht Personen)<br>einzuhalten.<br>2.2. Der Grill darf nur von dem Personal am Steg angemacht werden.<br>2.3. Der Regen-, Sonnenschirm darf nur vom Vermieter ge\u00f6ffnet bzw. geschlossen werden.<br>2.4. Der Verzehr von mitgebrachten Getr\u00e4nken ist nicht zul\u00e4ssig. Der Vermieter beh\u00e4lt sich<br>das Recht vor Taschenkontrollen durchzuf\u00fchren. Zuwiderhandlung kann den Einbehalt der<br>Kaution mit sich ziehen.<br><br>2.5. Kinder bis 12 Jahre, Nichtschwimmer oder unge\u00fcbte Schwimmer haben eine<br>Schwimmweste zu tragen. Schwimmwesten sind pro Boot vorhanden. Es k\u00f6nnen aber<br>auch eigene Westen verwendet werden, die den gesetzlichen Anforderungen entsprechen. Der<br>Vermieter haftet nicht f\u00fcr Sch\u00e4den, die durch den Nichtgebrauch einer Schwimmweste<br>entstehen.<br>2.6. Den Schiffen der kommerziellen Schifffahrt, Wassersportlern sowie Booten ohne<br>Motorantrieb ist immer Vorfahrt zu gew\u00e4hren.<br>Der Mieter und seine Passagiere haben die Natur schonend zu behandeln. Verst\u00f6\u00dfe gegen den<br>Umweltschutz sind verboten und der Vermieter haftet nicht f\u00fcr daraus resultierende Sch\u00e4den.<br>Hierauf wird nochmals deutlich in der Bootseinweisung hingewiesen. Rechtliche<br>Konsequenzen und Forderungen der Beh\u00f6rden werden an den Mieter gestellt.<br>2.7. Der Kapit\u00e4n, also derjenige, der das Wasserfahrzeug steuert, hat darauf zu achten, dass er<br>in der Lage ist das Wasserfahrzeug zu f\u00fchren. Insbesondere hat er den Genuss von Alkohol<br>oder anderen Drogen zu unterlassen. Das Steuern der Wasserfahrzeuge unter Einfluss von<br>Alkohol oder anderen Drogen\/Bet\u00e4ubungsmitteln ist strengstens verboten. Zuwiderhandlung f\u00fchrt zum<br>Verlust des Versicherungsschutzes. Hier muss der Bootsf\u00fchrer f\u00fcr aufkommende<br>Forderungen oder Sch\u00e4den pers\u00f6nlich haften.<br>2.8. Das Boot ist mit einer KASKO-Versicherung und deren geltenden Bestimmungen<br>versichert (Selbstbeteiligung 300\u20ac); Risiken von der KASKO-Versicherung ausgeschlossene<br>Sch\u00e4den, die durch ungerechter Haltung w\u00e4hrend der Benutzung des Bootes verursacht<br>wurden und\/oder<br>anhand der F\u00fchrung von gesetzlich nicht geeigneten Personen, an Teilen des unter Wasser<br>stehenden Motors, Fehlen oder Sch\u00e4den an der Schiffsausr\u00fcstung sowie des<br>Sicherheitsinventars, Besch\u00e4digung oder Verlust der Bootspapiere; von der KASKO-<br>Versicherung ausgeschlossen,<br>sind folgende Gegenst\u00e4nde, die bei Verlust\/ Besch\u00e4digung mit folgenden Kosten dem Mieter<br>berechnet werden: Anker incl. Leine (150,-\u20ac); Bootspaddel (65,-\u20ac); Bootshacken (65,-\u20ac);<br>Rettungsring (75,-\u20ac); Musikbox (350,-\u20ac); \u00f6ffnen der Stauklappen f\u00fcr das Sicherheitsinventar<br>ohne triftigen Grund (50,-\u20ac Kontrollgeb\u00fchren f\u00fcr die \u00dcberpr\u00fcfung auf Vollst\u00e4ndigkeit);<br>Rettungsweste (150,-\u20ac); Feuerl\u00f6scher (100,-\u20ac); Verbandskasten, Taschenlampe, Seile,<br>Nebelhorn, Sch\u00f6pfgef\u00e4\u00df (je 35,-\u20ac); Motorpropeller (500\u20ac);<br>2.9. Die Steganlagen d\u00fcrfen nur nach Aufforderung betreten werden.<br>2.10. Das Betreten und Verlassen der Boote ist nur am Anlegesteg gestattet.<br>2.11. Den Anweisungen des Vermieters bzw. f\u00fcr ihn befugte Personen ist zu ihrer Sicherheit<br>Folge zu leisten.<br>2.12. Das Benutzen oder Verwahren von fl\u00fcssigen Brennstoffen oder Grillanz\u00fcndern und<br>anderen Brandbeschleunigern ist auf den Booten nicht gestattet.<br>2.13. M\u00fcll und Speisereste sind vom Mieter selbst in den daf\u00fcr vorgesehenen Beh\u00e4ltern zu<br>entsorgen. Abf\u00e4lle d\u00fcrfen in keinem Fall in das Wasser geworfen oder sonst in der freien<br>Natur entsorgt werden.<br><br>2.14. Alle von uns angebotene Arrangements sind Pauschalangebote. Nicht verzehrte<br>Speisen und Getr\u00e4nke sind von der R\u00fcckerstattung ausgeschlossen.<br>2.15. Zuwiderhandlung f\u00fchren zur sofortigen Beendigung des Mietverh\u00e4ltnisses ohne<br>R\u00fcckzahlungsanspruch auf den restlichen Mietpreis.<br>2.16. Der Vermieter ist berechtigt stark alkoholisierte Personen von einer Tour<br>auszuschlie\u00dfen. Ein R\u00fcckzahlungsanspruch ist in diesem Fall ausgeschlossen.<br>2.17. Freilaufende G\u00e4nse, Enten etc. d\u00fcrfen keinesfalls vom Boot aus mit Brot oder<br>sonstigen Speisen gef\u00fcttert werden. Dies wird als Ordnungswidrigkeit geahndet.<br>2.18. Unsere bbq-donut\u2019s sind wahlweise mit Musikboxen ausgestattet. Diese werden \u00fcber<br>eine Bluetooth-Verbindung, den Kopfh\u00f6rereingang deines Smartphones oder des mp3-Players<br>angeschlossen. Falls die Musikanlage nicht funktionieren sollte, f\u00fchrt dies nur zu einer<br>Mietpreisreduzierung der Musikboxpauschale.<br>2.19. Es ist nur in dem vom Vermieter vorgegeben Flussgebiet zu fahren und nicht in die<br>N\u00e4he der Staustufen zu kommen.<br>2.20. Es gelten Weiterhin die vor der Einweisung unterschriebenen Nutzungsbedingungen im<br>\u00dcbergabeprotokoll. Diese finden Sie auch auf unserer Homepage.<\/li>\n\n\n\n<li>Buchung, Bezahlung<br>3.1 Die Boote k\u00f6nnen im Voraus unter der Angabe richtiger und vollst\u00e4ndiger Daten gebucht<br>werden. Die Buchung erfolgt in der Regel elektronisch im Internet oder pers\u00f6nlich.<br>Fernm\u00fcndliche Buchungen werden nicht entgegen genommen und sind auf jeden Fall, um<br>Verbindlichkeit zu erlangen, schriftlich via Mail zu best\u00e4tigen. Eine schriftliche<br>Buchungsbest\u00e4tigung erfolgt in jedem Fall.<br>3.2. Bei der Buchung ist die Bezahlung in H\u00f6he der gebuchten Leistung erforderlich. Diese<br>erfolgt via Bank \u00dcberweisung oder nach Absprache in Bar.<br>3.3. Bei der Buchung m\u00fcssen unsere AGB\u2019s sowie Nutzungsbedingungen und Widerrufsrecht<br>akzeptiert werden. Diese finden Sie auf unserer Homepage<br>3.4. Erworbene Gutscheine haben eine G\u00fcltigkeit von 36 Monaten nach dem Kauf- bzw. Erwerbsdatum. Als<br>Grundlage dient hier das Rechnungsdatum.<\/li>\n\n\n\n<li>Zahlung des Mietpreises, Kaution<br>4.1. Nach der Fahrt werden gegebenenfalls zus\u00e4tzliche Getr\u00e4nke und Speisen zur Zahlung<br>f\u00e4llig. Diese Zahlung erfolgt bar.<br><br>4.2. Als Kaution muss vor der Verleihung eines Bootes vom Mieter der Betrag von<br>150,00\u20ac je Donut in bar hinterlegt werden. Falls dieser Betrag nicht hinterlegt werden kann, kann die Fahrt nicht angetreten werden.<br>4.3. Der komplette Mietpreis ist vor Fahrtantritt zu \u00fcberweisen bzw. zu begleichen.<\/li>\n\n\n\n<li>Stornierung, Annahmeverzug, Verzug des Vermieters<br>5.1. Eine Stornierung muss schriftlich via Mail erfolgen. Falls hier keine Best\u00e4tigung<br>innerhalb von 12 Stunden seitens des Vermieters erfolgt, ist eine telefonische Stornierung<br>zwingend erforderlich. Bitte beachten Sie an dieser Stelle unsere B\u00fcrozeiten, die Sie auf<br>unserer Homepage finden.<br>5.2. Der Mieter kann bis zu 14 Tage vor dem vereinbarten Mietbeginn von der Buchung<br>zur\u00fccktreten. In diesem Fall erh\u00e4lt der Mieter einen Gutschein \u00fcber die H\u00f6he der Buchung.<br>Bei einer kurzfristigen Stornierung weniger als 14 Tage verf\u00e4llt die geleistete Zahlung.<br>Ausnahme bilden hier folgende Situationen: Todesfall in der Familie mit Verwandtschaftsgrad eins und<br>ein Krankenhausaufenthalt des Mieters.<br>5.3. Bei Nicht-Antritt ohne Stornierung ist der komplette Rechnungsbetrag f\u00e4llig.<br>5.4. Eine wetterbedingte Stornierung (Dauerregen, Sturm, Gewitter, Hochwasser und starke<br>Str\u00f6mungen) ist fr\u00fchestens drei Tage vor dem Miet-Termin und in Absprache mit dem<br>Vermieter zul\u00e4ssig. In diesem Fall kann der Mieter einen Ersatztermin vereinbaren bzw.<br>erh\u00e4lt einen<br>Gutschein im Wert der Buchung. Der Vermieter beh\u00e4lt sich stets das Recht vor aufgrund von<br>besonderen Umst\u00e4nden, die eine sichere Fahrt mit dem Boot (Dauerregen, Sturm, Gewitter,<br>Hochwasser und starke Str\u00f6mungen) nicht erm\u00f6glicht, kurzfristig dem Vermieter abzusagen.<br>Auch in diesem Fall kann der Mieter einen Ersatztermin vereinbaren bzw. erh\u00e4lt einen<br>Gutschein im Wert der Buchung.<br>5.5. \u00dcbernimmt der Mieter das reservierte Wasserfahrzeug nicht innerhalb einer halbe Stunde<br>nach dem vereinbarten Mietbeginn ist der Vermieter berechtigt das reservierte<br>Wasserfahrzeug weiter zu vermieten.<br>5.6. Der Vermieter ist grunds\u00e4tzlich verpflichtet die reservierten Boote f\u00fcr den Zeitraum der<br>Buchung zur Verf\u00fcgung zu stellen. Dieser Verpflichtung muss der Vermieter nicht<br>nachkommen, wenn dem besondere Umst\u00e4nde entgegenstehen (z.B. versp\u00e4tete R\u00fcckgabe des<br>Vormieters,<br>vorheriger Unfall des Bootes, Defekte am Bootsrumpf\/ Motor und anderen wichtigen Teilen)<br>oder ihn kein Verschulden trifft. F\u00fcr die Zeit der Leistungsunf\u00e4higkeit des Vermieters ist der<br>Mieter von seiner Zahlungspflicht befreit. Schadenersatzanspr\u00fcche an den Vermieter durch<br>dessen Leistungsunf\u00e4higkeit werden ausdr\u00fccklich ausgeschlossen.<\/li>\n\n\n\n<li>Sch\u00e4den, Transport, Transportsch\u00e4den<br>6.1 Eventuell auftretende Sch\u00e4den oder M\u00e4ngel sind unverz\u00fcglich zu melden.<br>6.2 Nicht gemeldete Sch\u00e4den werden als grob fahrl\u00e4ssig bzw. vors\u00e4tzlich angesehen.<br>6.3 W\u00e4hrend der Mietzeit ist der Mieter f\u00fcr die Sicherung des Mietobjektes bzw. des<br>Zubeh\u00f6rs verantwortlich. Verlorengegangenes oder besch\u00e4digtes Zubeh\u00f6r ist dem Vermieter<br>unverz\u00fcglich anzuzeigen. Der Einbehalt der Kaution ist hier m\u00f6glich. Au\u00dferdem ist der Wert<br>des verlorenen oder schaden genommenen Gegenstandes zu erstatten. Anker incl. Leine<br>(150,-\u20ac); Bootspaddel (65,-\u20ac); Bootshacken (65,-\u20ac); Rettungsring (75,-\u20ac); Musikbox (350,-\u20ac);<br>\u00f6ffnen der Stauklappen f\u00fcr das Sicherheitsinventar ohne triftigen Grund (50,-\u20ac<br>Kontrollgeb\u00fchren f\u00fcr die \u00dcberpr\u00fcfung auf Vollst\u00e4ndigkeit); Rettungsweste (150,-\u20ac);<br>Feuerl\u00f6scher (100,-\u20ac); Verbandskasten, Taschenlampe,<br>Seile, Nebelhorn, Sch\u00f6pfgef\u00e4\u00df (je 35,-\u20ac); Motorpropeller (250\u20ac);<br>6.4 Bei Unf\u00e4llen hat der Mieter dem Vermieter bei R\u00fcckgabe des Bootes \u00fcber alle<br>Einzelheiten schriftlich unter Vorlage einer Skizze zu unterrichten.<\/li>\n\n\n\n<li>Versicherung<br>7.1. Das Boot ist mit einer KASKO-Versicherung und deren geltenden Bestimmungen<br>versichert (Selbstbeteiligung 300\u20ac); Risiken von der KASKO-Versicherung ausgeschlossene<br>Sch\u00e4den, die durch ungerechter Haltung w\u00e4hrend der Benutzung des Bootes verursacht<br>wurden und\/oder<br>anhand der F\u00fchrung von gesetzlich nicht geeigneten Personen, an Teilen des unter Wasser<br>stehenden Motors, Fehlen oder Sch\u00e4den an der Schiffsausr\u00fcstung sowie des<br>Sicherheitsinventars, Besch\u00e4digung oder Verlust der Bootspapiere; Im Fall von Havarieren,<br>Unf\u00e4llen oder sonstigen<br>Sch\u00e4den, die durch den Mieter verschuldet werden, hat der Mieter unverz\u00fcglich den<br>Vermieter zu verst\u00e4ndigen und Verhaltensanweisungen abzuwarten. Weiter haftet der Mieter<br>bis zur H\u00f6he der Selbstbeteiligung bei Sch\u00e4den.<br>7.2. Der Mieter bzw. der namentlich ausgew\u00e4hlte Fahrer des Bootes darf w\u00e4hrend der<br>F\u00fchrung des Bootes keinen Alkohol konsumiert haben und auch keinen konsumieren. Das<br>gleiche gilt f\u00fcr andere berauschende Mittel jeglicher Art. Das Boot darf nicht gefahren<br>werden, wenn der Fahrer<br>durch alkoholische Getr\u00e4nke oder andere berauschende Mittel nicht in der Lage ist, das<br>Fahrzeug sicher zu f\u00fchren. Au\u00dferdem darf der Mieter bzw. namentlich genannter Bootsf\u00fchrer<br>dieses nicht von einem Fahrer fahren lassen, der durch alkoholische Getr\u00e4nke oder andere<br>berauschende<br>Mittel nicht in der Lage ist, das Boot sicher zu f\u00fchren. Der Mieter und namentlich genannte<br>Bootsf\u00fchrer haften gesamtschuldnerisch mit ihrem kompletten Gesch\u00e4fts- und<br>Privatverm\u00f6gen bei Nichteinhalten dieser Pflicht. Der Bootsf\u00fchrer muss zu jeder Zeit<br>n\u00fcchtern sein. Sollte ein Unfall, Besch\u00e4digung, Verletzung einer Person oder Sonstiges eintreten und der Bootsf\u00fchrer<br>war alkoholisiert oder stand unter dem Einfluss berauschender Mittel wird dieser und<br>der Mieter wie oben genannt in vollem Umfang regresspflichtig f\u00fcr alle Sch\u00e4den<br>jeglicher Art gemacht. Mit Akzeptanz der Allgemeinen Gesch\u00e4ftsbedingungen stimmt der Mieter dieser Vereinbarung<br>zu.<br>Der in 7.1. genannte Versicherungsschutz entf\u00e4llt sobald festgestellt wird, dass der<br>Bootsf\u00fchrer alkoholisiert oder unter anderen berauschenden Mitteln gestanden war.<br>7.3. Ohne vorherige Zustimmung des Vermieters darf der Mieter bei einem Unfall weder<br>Schuld noch Haftung gegen\u00fcber Dritten anerkennen, das Boot reparieren lassen oder sonstige<br>Kosten veranlassen. Eine Havarie oder ein Unfall berechtigen nicht zur Minderung des<br>Mietpreises oder zu Schadenersatz au\u00dfer es liegt ein auff\u00e4lliger schwerer Fehler am Boot vor und den<br>Vermieter oder seine Erf\u00fcllungsgehilfen trifft ein Verschulden an diesem Fehler. Es besteht<br>weder eine Versicherung f\u00fcr den Mieter selbst oder seine Mitreisenden noch f\u00fcr von ihm an<br>Bord gebrachte Sachen.<\/li>\n\n\n\n<li>Haftung<br>8.1. Es wird generell keine Haftung f\u00fcr Sch\u00e4den oder Verletzungen jeglicher Art \u00fcbernommen.<br>8.2. Eltern haften f\u00fcr ihre Kinder. Eltern\/andere Aufsichtspersonen haben ihrer<br>Aufsichtspflicht nachzukommen und sind f\u00fcr die Sicherheit der zu beaufsichtigenden<br>Kinder\/Personen (Tragen von Schwimmwesten, Verhalten im Boot usw.) verantwortlich. Der<br>Vermieter ist von etwaigen Aufsichtspflichten ausdr\u00fccklich befreit.<br>8.3. Bei grob fahrl\u00e4ssig oder vors\u00e4tzlich verursachten Sch\u00e4den (z.B. unsachgem\u00e4\u00dfer Umgang,<br>Unaufmerksamkeit, Trunkenheit) haftet der Mieter neben den direkten Bootssch\u00e4den auch f\u00fcr<br>Folgesch\u00e4den (z.B. Ausfall der Boote wegen Reparatur, Sachverst\u00e4ndigenkosten).<br>8.4. Der Mieter hat bei \u00dcbernahme der Mietsache diese auf etwaige Sch\u00e4den zu untersuchen<br>und diese unverz\u00fcglich anzuzeigen. Mit dem Ablegen von der Anlegestelle erkennt der Mieter<br>die Mietsache als vertragsgem\u00e4\u00df und einwandfrei an.<\/li>\n\n\n\n<li>Fristlose K\u00fcndigung<br>9.1. Verletzt eine Partei ihre sich aus dem Vertrag ergebende Pflichten in grober Weise hat die<br>jeweils andere Partei das Recht den Vertrag mit sofortiger Wirkung fristlos zu k\u00fcndigen. Eine<br>grobe Pflichtverletzung des Mieters ist insbesondere das Verschmutzen von Gew\u00e4ssern oder<br>Uferbereichen, die Untervermietung von Wasserfahrzeugen oder das Verbringen derselben in<br>andere Gew\u00e4sser. Im Fall der fristlosen K\u00fcndigung seitens des Vermieters kann der Mieter<br>eine R\u00fcckzahlung bereits geleisteter Miete nicht verlangen. Eine etwa noch nicht gezahlte Miete bleibt<br>in voller H\u00f6he f\u00e4llig.<br><\/li>\n\n\n\n<li>Fotorecht<br>10.1. Bilder\/ Fotos die an oder im Umkreis der Vermietstation oder an Board durch<br>Angestellte der Mosel-Boat powered by ENERPARCS gemacht\/fotografiert werden,<br>sind das Eigentum der Mosel-Boat powered by ENERPARCS. Es besteht das uneingeschr\u00e4nkte Nutzungs-\/bzw.<br>Bearbeitungsrecht. Sollte das uneingeschr\u00e4nkte Nutzungsrecht\/ Bearbeitungsrecht der Bilder<br>nicht gew\u00fcnscht sein, dann ist dies schon bei der Buchung schriftlich anzuzeigen. Wir weisen<br>an dieser Stelle darauf hin, dass die Bilder\/Fotos ausschlie\u00dflich f\u00fcr die Fotogalerie der<br>Homepage\/Facebook \/ Instagram \/Werbetr\u00e4gern der Website genutzt werden.<\/li>\n\n\n\n<li>Schlussbestimmungen<br>11.1. M\u00fcndliche Nebenabreden werden nicht getroffen. \u00c4nderungen des Vertrages (Bootsverleihscheines) bed\u00fcrfen der Schriftform.<\/li>\n\n\n\n<li>Salvatorische Klausel<br>12.1. Sollte eine Bestimmung dieser Allgemeinen Gesch\u00e4ftsbedingungen unwirksam sein,<br>ber\u00fchrt dies nicht die Wirksamkeit der Bedingungen im \u00dcbrigen. An die Stelle einer etwa<br>unwirksamen Bestimmung tritt eine ihren Inhalt entsprechende wirksame Bestimmung, die<br>dem<br>mutma\u00dflichen Willen der Parteien entspricht.<br>13 Anerkennung der AGB; Widerrufsrecht, Nutzungsbedingungen<br>Mit der Unterschrift unter den Mietvertrag oder dem Anklickfeld bei der Online Buchung<br>werden die Allgemeinen Gesch\u00e4ftsbedingungen, das Widerrufsrecht sowie die<br>Nutzungsbedingungen anerkannt. Geltung weiterer Bestandteile dieser AGB ist die<br>\u201eSportbootsverordnung\u2013Binnen\u201c deren Bestimmungen hiermit ebenfalls anerkannt werden. Zur Einsicht, bitte folgenden Link verwenden: <a href=\"https:\/\/www.gesetze-im-internet.de\/sportbootvermv-bin2000\/BJNR057210000.html\">https:\/\/www.gesetze-im-internet.de\/sportbootvermv-bin2000\/BJNR057210000.html<\/a><\/li>\n<\/ol>\n\n\n\n<p><\/p>","protected":false},"excerpt":{"rendered":"","protected":false},"author":2,"featured_media":0,"parent":0,"menu_order":0,"comment_status":"closed","ping_status":"closed","template":"","meta":{"_eb_attr":"","om_disable_all_campaigns":false,"_monsterinsights_skip_tracking":false,"_monsterinsights_sitenote_active":false,"_monsterinsights_sitenote_note":"","_monsterinsights_sitenote_category":0,"site-sidebar-layout":"default","site-content-layout":"","ast-site-content-layout":"default","site-content-style":"default","site-sidebar-style":"default","ast-global-header-display":"","ast-banner-title-visibility":"","ast-main-header-display":"","ast-hfb-above-header-display":"","ast-hfb-below-header-display":"","ast-hfb-mobile-header-display":"","site-post-title":"","ast-breadcrumbs-content":"","ast-featured-img":"","footer-sml-layout":"","ast-disable-related-posts":"","theme-transparent-header-meta":"","adv-header-id-meta":"","stick-header-meta":"","header-above-stick-meta":"","header-main-stick-meta":"","header-below-stick-meta":"","astra-migrate-meta-layouts":"default","ast-page-background-enabled":"default","ast-page-background-meta":{"desktop":{"background-color":"var(--ast-global-color-5)","background-image":"","background-repeat":"repeat","background-position":"center center","background-size":"auto","background-attachment":"scroll","background-type":"","background-media":"","overlay-type":"","overlay-color":"","overlay-opacity":"","overlay-gradient":""},"tablet":{"background-color":"","background-image":"","background-repeat":"repeat","background-position":"center center","background-size":"auto","background-attachment":"scroll","background-type":"","background-media":"","overlay-type":"","overlay-color":"","overlay-opacity":"","overlay-gradient":""},"mobile":{"background-color":"","background-image":"","background-repeat":"repeat","background-position":"center center","background-size":"auto","background-attachment":"scroll","background-type":"","background-media":"","overlay-type":"","overlay-color":"","overlay-opacity":"","overlay-gradient":""}},"ast-content-background-meta":{"desktop":{"background-color":"var(--ast-global-color-4)","background-image":"","background-repeat":"repeat","background-position":"center center","background-size":"auto","background-attachment":"scroll","background-type":"","background-media":"","overlay-type":"","overlay-color":"","overlay-opacity":"","overlay-gradient":""},"tablet":{"background-color":"var(--ast-global-color-4)","background-image":"","background-repeat":"repeat","background-position":"center center","background-size":"auto","background-attachment":"scroll","background-type":"","background-media":"","overlay-type":"","overlay-color":"","overlay-opacity":"","overlay-gradient":""},"mobile":{"background-color":"var(--ast-global-color-4)","background-image":"","background-repeat":"repeat","background-position":"center center","background-size":"auto","background-attachment":"scroll","background-type":"","background-media":"","overlay-type":"","overlay-color":"","overlay-opacity":"","overlay-gradient":""}},"_themeisle_gutenberg_block_has_review":false,"footnotes":""},"class_list":["post-295","page","type-page","status-publish","hentry"],"aioseo_notices":[],"_links":{"self":[{"href":"https:\/\/mosel-boat.de\/en\/wp-json\/wp\/v2\/pages\/295","targetHints":{"allow":["GET"]}}],"collection":[{"href":"https:\/\/mosel-boat.de\/en\/wp-json\/wp\/v2\/pages"}],"about":[{"href":"https:\/\/mosel-boat.de\/en\/wp-json\/wp\/v2\/types\/page"}],"author":[{"embeddable":true,"href":"https:\/\/mosel-boat.de\/en\/wp-json\/wp\/v2\/users\/2"}],"replies":[{"embeddable":true,"href":"https:\/\/mosel-boat.de\/en\/wp-json\/wp\/v2\/comments?post=295"}],"version-history":[{"count":7,"href":"https:\/\/mosel-boat.de\/en\/wp-json\/wp\/v2\/pages\/295\/revisions"}],"predecessor-version":[{"id":660,"href":"https:\/\/mosel-boat.de\/en\/wp-json\/wp\/v2\/pages\/295\/revisions\/660"}],"wp:attachment":[{"href":"https:\/\/mosel-boat.de\/en\/wp-json\/wp\/v2\/media?parent=295"}],"curies":[{"name":"wp","href":"https:\/\/api.w.org\/{rel}","templated":true}]}}