{"id":32,"date":"2025-02-28T15:55:05","date_gmt":"2025-02-28T14:55:05","guid":{"rendered":"https:\/\/mosel-boat.de\/startseite\/"},"modified":"2026-04-03T00:39:57","modified_gmt":"2026-04-02T22:39:57","slug":"startseite","status":"publish","type":"page","link":"https:\/\/mosel-boat.de\/en\/","title":{"rendered":"BBQ-Boat Ahoy"},"content":{"rendered":"\n<h2 class=\"wp-block-heading alignwide has-text-align-center\"><strong>*** Neu in 2026 ***<\/strong><\/h2>\n\n\n\n<div id=\"wp-block-themeisle-blocks-slider-3b8b8e60\" class=\"wp-block-themeisle-blocks-slider glide\" data-per-view=\"1\" data-gap=\"0\" data-peek=\"0\" data-autoplay=\"4000\" data-height=\"650px\" data-hide-arrows=\"false\"><div class=\"glide__track\" data-glide-el=\"track\"><div class=\"glide__slides\"><div class=\"wp-block-themeisle-blocks-slider-item-wrapper glide__slide\" tabindex=\"0\"><figure><img decoding=\"async\" class=\"wp-block-themeisle-blocks-slider-item\" src=\"https:\/\/mosel-boat.de\/wp-content\/uploads\/2026\/01\/travel_1.png\" alt=\"\" title=\"\" data-id=\"1217\"\/><\/figure><\/div><div class=\"wp-block-themeisle-blocks-slider-item-wrapper glide__slide\" tabindex=\"0\"><figure><img decoding=\"async\" class=\"wp-block-themeisle-blocks-slider-item\" src=\"https:\/\/mosel-boat.de\/wp-content\/uploads\/2026\/01\/Kapitaensmuetze_1-1.png\" alt=\"\" title=\"\" data-id=\"1218\"\/><\/figure><\/div><div class=\"wp-block-themeisle-blocks-slider-item-wrapper glide__slide\" tabindex=\"0\"><figure><img decoding=\"async\" class=\"wp-block-themeisle-blocks-slider-item\" src=\"https:\/\/mosel-boat.de\/wp-content\/uploads\/2026\/01\/Weizenbier_1.png\" alt=\"\" title=\"\" data-id=\"1239\"\/><\/figure><\/div><\/div><div class=\"glide__bullets\" data-glide-el=\"controls[nav]\"><button class=\"glide__bullet\" data-glide-dir=\"=0\"><\/button><button class=\"glide__bullet\" data-glide-dir=\"=1\"><\/button><button class=\"glide__bullet\" data-glide-dir=\"=2\"><\/button><\/div><\/div><\/div>\n\n\n\n<p><\/p>\n\n\n\n<p class=\"has-text-align-center o-typing-fast o-typing-delay-4s has-ast-global-color-8-color has-text-color has-link-color wp-elements-41cb8d944c29b04690f3f2295f0d42c2\" style=\"font-size:36px\"><strong>Ein f\u00fchrerscheinfreies Abenteuer wartet auf dich!<\/strong><\/p>\n\n\n\n<p><\/p>\n\n\n\n<figure class=\"wp-block-embed is-type-video is-provider-youtube wp-block-embed-youtube wp-embed-aspect-16-9 wp-has-aspect-ratio\" style=\"margin-top:0;margin-right:0;margin-bottom:0;margin-left:0\"><div class=\"wp-block-embed__wrapper\">\n<iframe loading=\"lazy\" title=\"Mosel BBQ Donut 2025\" width=\"500\" height=\"281\" src=\"https:\/\/www.youtube.com\/embed\/9p6y-nbbTDI?feature=oembed\" frameborder=\"0\" allow=\"accelerometer; autoplay; clipboard-write; encrypted-media; gyroscope; picture-in-picture; web-share\" referrerpolicy=\"strict-origin-when-cross-origin\" allowfullscreen><\/iframe>\n<\/div><\/figure>\n\n\n\n<div id=\"wp-block-themeisle-blocks-popup-8e1d972f\" class=\"wp-block-themeisle-blocks-popup is-front has-light-bg\" data-open=\"none\" data-dismiss=\"\" data-time=\"\" data-anchor=\"\" data-offset=\"\" data-outside=\"true\" data-anchorclose=\"\"><div class=\"otter-popup__modal_wrap\"><div role=\"presentation\" class=\"otter-popup__modal_wrap_overlay\"><\/div><div class=\"otter-popup__modal_content\"><div class=\"otter-popup__modal_header\"><button title=\"Close Button\" type=\"button\" class=\"components-button has-icon\"><svg width=\"24\" height=\"24\" xmlns=\"http:\/\/www.w3.org\/2000\/svg\" viewBox=\"0 0 24 24\" role=\"img\" aria-hidden=\"true\"><path d=\"M12 13.06l3.712 3.713 1.061-1.06L13.061 12l3.712-3.712-1.06-1.06L12 10.938 8.288 7.227l-1.061 1.06L10.939 12l-3.712 3.712 1.06 1.061L12 13.061z\"><\/path><\/svg><\/button><\/div><div class=\"otter-popup__modal_body\">\n<div id=\"wp-block-themeisle-blocks-advanced-columns-9622728d\" class=\"wp-block-themeisle-blocks-advanced-columns has-2-columns has-desktop-equal-layout has-tablet-equal-layout has-mobile-collapsedRows-layout has-reverse-columns-mobile has-vertical-center\"><div class=\"wp-block-themeisle-blocks-advanced-columns-overlay\"><\/div><div class=\"innerblocks-wrap\">\n<div id=\"wp-block-themeisle-blocks-advanced-column-e6b8f79f\" class=\"wp-block-themeisle-blocks-advanced-column\">\n<p id=\"wp-block-themeisle-blocks-advanced-heading-29d845e9\" class=\"wp-block-themeisle-blocks-advanced-heading wp-block-themeisle-blocks-advanced-heading-29d845e9\">Fr\u00fchbucher-RAbatt<\/p>\n\n\n\n<h2 id=\"wp-block-themeisle-blocks-advanced-heading-90affb79\" class=\"wp-block-themeisle-blocks-advanced-heading wp-block-themeisle-blocks-advanced-heading-90affb79\">G\u00fcltig vom 25.01.-15.03.26<\/h2>\n\n\n\n<p class=\"has-medium-font-size\">Erhalte <strong><mark style=\"background-color:rgba(0, 0, 0, 0)\" class=\"has-inline-color has-ast-global-color-0-color\">10 Bratw\u00fcrstchen<\/mark> <\/strong><\/p>\n\n\n\n<p class=\"has-medium-font-size\">oder <strong><mark style=\"background-color:rgba(0, 0, 0, 0)\" class=\"has-inline-color has-ast-global-color-0-color\">10 Getr\u00e4nke<\/mark><\/strong> \u00e1 0,33 L. <\/p>\n\n\n\n<p class=\"has-small-font-size\">zu deiner Buchung <strong><mark style=\"background-color:rgba(0, 0, 0, 0)\" class=\"has-inline-color has-ast-global-color-0-color\">gratis <\/mark><\/strong>dazu!<\/p>\n\n\n\n<p class=\"has-small-font-size\">Nur eine Auswahl m\u00f6glich! Bitte im Setup unter &#8222;Leinen los&#8220; ausw\u00e4hlen (Pflichtfeld solange g\u00fcltig)!<\/p>\n\n\n\n<p class=\"has-small-font-size\"><\/p>\n\n\n\n<div class=\"wp-block-buttons is-content-justification-left is-layout-flex wp-container-core-buttons-is-layout-fc4fd283 wp-block-buttons-is-layout-flex\">\n<div class=\"wp-block-button is-style-primary\"><a class=\"wp-block-button__link wp-element-button\" href=\"https:\/\/mosel-boat.de\/buchung\/\">Zum Buchungsportal<\/a><\/div>\n<\/div>\n<\/div>\n\n\n\n<div id=\"wp-block-themeisle-blocks-advanced-column-d3c1b380\" class=\"wp-block-themeisle-blocks-advanced-column\">\n<figure class=\"wp-block-image size-full\"><img loading=\"lazy\" decoding=\"async\" width=\"1024\" height=\"1024\" src=\"https:\/\/mosel-boat.de\/wp-content\/uploads\/2026\/01\/Fruehbucherrabatt.jpeg\" alt=\"\" class=\"wp-image-1190\" srcset=\"https:\/\/mosel-boat.de\/wp-content\/uploads\/2026\/01\/Fruehbucherrabatt.jpeg 1024w, https:\/\/mosel-boat.de\/wp-content\/uploads\/2026\/01\/Fruehbucherrabatt-300x300.jpeg 300w, https:\/\/mosel-boat.de\/wp-content\/uploads\/2026\/01\/Fruehbucherrabatt-150x150.jpeg 150w, https:\/\/mosel-boat.de\/wp-content\/uploads\/2026\/01\/Fruehbucherrabatt-768x768.jpeg 768w, https:\/\/mosel-boat.de\/wp-content\/uploads\/2026\/01\/Fruehbucherrabatt-12x12.jpeg 12w, https:\/\/mosel-boat.de\/wp-content\/uploads\/2026\/01\/Fruehbucherrabatt-450x450.jpeg 450w\" sizes=\"auto, (max-width: 1024px) 100vw, 1024px\" \/><\/figure>\n<\/div>\n<\/div><\/div>\n<\/div><\/div><\/div><\/div>\n\n\n\n<div class=\"wp-block-media-text has-media-on-the-right is-stacked-on-mobile\" style=\"padding-top:var(--wp--preset--spacing--40);padding-bottom:var(--wp--preset--spacing--40);grid-template-columns:auto 55%\"><div class=\"wp-block-media-text__content\">\n<p class=\"has-medium-font-size\"><strong>Mosel BBQ Boat<\/strong><\/p>\n\n\n\n<p>Bootshafen Moselherz, 54340 P\u00f6lich<\/p>\n\n\n\n<p><a href=\"https:\/\/www.google.de\/maps\/place\/Bootshafen+Moselherz\/@49.7941685,6.849952,18z\/data=!4m6!3m5!1s0x4795806a213ba8ab:0x5abce7c5614dc452!8m2!3d49.7937679!4d6.8500614!16s%2Fg%2F11c3sr2_h4?entry=ttu&amp;g_ep=EgoyMDI1MDMzMC4wIKXMDSoASAFQAw%3D%3D\" target=\"_blank\" rel=\"noreferrer noopener\">Standort auf Google Maps<\/a><\/p>\n\n\n\n<p><a href=\"https:\/\/mosel-boat.de\/wp-content\/uploads\/2026\/03\/Anfahrtsskizze_Poelich_2026.pdf\" target=\"_blank\" rel=\"noopener\" title=\"\">Anfahrtsbeschreibung<\/a><\/p>\n\n\n\n<p> <a href=\"https:\/\/www.moselbahn.de\/de\/fahrplaene_strecken\/linie\/220\" target=\"_blank\" rel=\"noreferrer noopener\">Busverbindung<\/a><\/p>\n<\/div><figure class=\"wp-block-media-text__media\"><img loading=\"lazy\" decoding=\"async\" width=\"662\" height=\"413\" src=\"https:\/\/mosel-boat.de\/wp-content\/uploads\/2026\/03\/Poelich.jpg\" alt=\"\" class=\"wp-image-1281 size-full\" srcset=\"https:\/\/mosel-boat.de\/wp-content\/uploads\/2026\/03\/Poelich.jpg 662w, https:\/\/mosel-boat.de\/wp-content\/uploads\/2026\/03\/Poelich-300x187.jpg 300w, https:\/\/mosel-boat.de\/wp-content\/uploads\/2026\/03\/Poelich-18x12.jpg 18w, https:\/\/mosel-boat.de\/wp-content\/uploads\/2026\/03\/Poelich-450x281.jpg 450w\" sizes=\"auto, (max-width: 662px) 100vw, 662px\" \/><\/figure><\/div>\n\n\n\n<div class=\"wp-block-essential-blocks-text  root-eb-text-nw7hg\"><div class=\"eb-parent-wrapper eb-parent-eb-text-nw7hg \"><div class=\"eb-text-wrapper eb-text-nw7hg\" data-id=\"eb-text-nw7hg\"><p class=\"eb-text\"><\/p><\/div><\/div><\/div>\n\n\n\n        <div class=\"wrapper-weather-widget-wp\">\n            <div class=\"weather-widget-wp bg-img-clouds style-minimal no-icon\">\n                <div class=\"temp-group\">\n                    <i class=\"weather-i-clouds\"><\/i>\n                    \n                    <span class=\"weather-temp\">12<span class=\"temp-units\">\u00b0C<\/span><\/span>\n                <\/div>\n                <div class=\"info-group\">\n                    <span class=\"weather-title\">Wetter in P\u00f6lich, Deutschland<\/span><small class=\"weather-description\">overcast clouds<\/small><\/div><\/div><\/div>\n","protected":false},"excerpt":{"rendered":"<p>*** Neu in 2026 *** Ein f\u00fchrerscheinfreies Abenteuer wartet auf dich! Mosel BBQ Boat Bootshafen Moselherz, 54340 P\u00f6lich Standort auf [&hellip;]<\/p>\n","protected":false},"author":2,"featured_media":0,"parent":0,"menu_order":0,"comment_status":"closed","ping_status":"closed","template":"","meta":{"_eb_attr":"","om_disable_all_campaigns":false,"_monsterinsights_skip_tracking":false,"_monsterinsights_sitenote_active":false,"_monsterinsights_sitenote_note":"","_monsterinsights_sitenote_category":0,"site-sidebar-layout":"default","site-content-layout":"","ast-site-content-layout":"","site-content-style":"default","site-sidebar-style":"default","ast-global-header-display":"","ast-banner-title-visibility":"","ast-main-header-display":"","ast-hfb-above-header-display":"","ast-hfb-below-header-display":"","ast-hfb-mobile-header-display":"","site-post-title":"","ast-breadcrumbs-content":"","ast-featured-img":"","footer-sml-layout":"","ast-disable-related-posts":"","theme-transparent-header-meta":"","adv-header-id-meta":"","stick-header-meta":"","header-above-stick-meta":"","header-main-stick-meta":"","header-below-stick-meta":"","astra-migrate-meta-layouts":"default","ast-page-background-enabled":"default","ast-page-background-meta":{"desktop":{"background-color":"var(--ast-global-color-5)","background-image":"","background-repeat":"repeat","background-position":"center center","background-size":"auto","background-attachment":"scroll","background-type":"","background-media":"","overlay-type":"","overlay-color":"","overlay-opacity":"","overlay-gradient":""},"tablet":{"background-color":"","background-image":"","background-repeat":"repeat","background-position":"center center","background-size":"auto","background-attachment":"scroll","background-type":"","background-media":"","overlay-type":"","overlay-color":"","overlay-opacity":"","overlay-gradient":""},"mobile":{"background-color":"","background-image":"","background-repeat":"repeat","background-position":"center center","background-size":"auto","background-attachment":"scroll","background-type":"","background-media":"","overlay-type":"","overlay-color":"","overlay-opacity":"","overlay-gradient":""}},"ast-content-background-meta":{"desktop":{"background-color":"var(--ast-global-color-4)","background-image":"","background-repeat":"repeat","background-position":"center center","background-size":"auto","background-attachment":"scroll","background-type":"","background-media":"","overlay-type":"","overlay-color":"","overlay-opacity":"","overlay-gradient":""},"tablet":{"background-color":"var(--ast-global-color-4)","background-image":"","background-repeat":"repeat","background-position":"center center","background-size":"auto","background-attachment":"scroll","background-type":"","background-media":"","overlay-type":"","overlay-color":"","overlay-opacity":"","overlay-gradient":""},"mobile":{"background-color":"var(--ast-global-color-4)","background-image":"","background-repeat":"repeat","background-position":"center center","background-size":"auto","background-attachment":"scroll","background-type":"","background-media":"","overlay-type":"","overlay-color":"","overlay-opacity":"","overlay-gradient":""}},"_themeisle_gutenberg_block_has_review":false,"footnotes":""},"class_list":["post-32","page","type-page","status-publish","hentry"],"aioseo_notices":[],"_links":{"self":[{"href":"https:\/\/mosel-boat.de\/en\/wp-json\/wp\/v2\/pages\/32","targetHints":{"allow":["GET"]}}],"collection":[{"href":"https:\/\/mosel-boat.de\/en\/wp-json\/wp\/v2\/pages"}],"about":[{"href":"https:\/\/mosel-boat.de\/en\/wp-json\/wp\/v2\/types\/page"}],"author":[{"embeddable":true,"href":"https:\/\/mosel-boat.de\/en\/wp-json\/wp\/v2\/users\/2"}],"replies":[{"embeddable":true,"href":"https:\/\/mosel-boat.de\/en\/wp-json\/wp\/v2\/comments?post=32"}],"version-history":[{"count":113,"href":"https:\/\/mosel-boat.de\/en\/wp-json\/wp\/v2\/pages\/32\/revisions"}],"predecessor-version":[{"id":1288,"href":"https:\/\/mosel-boat.de\/en\/wp-json\/wp\/v2\/pages\/32\/revisions\/1288"}],"wp:attachment":[{"href":"https:\/\/mosel-boat.de\/en\/wp-json\/wp\/v2\/media?parent=32"}],"curies":[{"name":"wp","href":"https:\/\/api.w.org\/{rel}","templated":true}]}}